{"id":72,"date":"2026-01-26T12:02:05","date_gmt":"2026-01-26T11:02:05","guid":{"rendered":"https:\/\/naszasala.org\/?page_id=72"},"modified":"2026-01-26T12:04:26","modified_gmt":"2026-01-26T11:04:26","slug":"statut-cele","status":"publish","type":"page","link":"https:\/\/naszasala.org\/?page_id=72","title":{"rendered":"Cele Statutowe Fundacji Nasza Sala"},"content":{"rendered":"\n<div class=\"wp-block-group\"><div class=\"wp-block-group__inner-container is-layout-constrained wp-block-group-is-layout-constrained\">\n<p>                    <em>\u00a7 4. Cele Fundacji<\/em><br><\/p>\n\n\n\n<ol start=\"1\" class=\"wp-block-list\">\n<li>Pomoc osobom opuszczaj\u0105cym szpitale psychiatryczne w ich readaptacji spo\u0142ecznej , zawodowej i psychicznej.<\/li>\n\n\n\n<li>Wspieranie os\u00f3b po leczeniu psychiatrycznym w powrocie do \u017cycia spo\u0142ecznego.<\/li>\n\n\n\n<li>Wspieranie dzia\u0142a\u0144 s\u0142u\u017c\u0105cych integracji spo\u0142ecznej i emocjonalnej os\u00f3b z do\u015bwiadczeniem<br>choroby psychicznej.<\/li>\n\n\n\n<li>Wsparcie os\u00f3b uzale\u017cnionych, os\u00f3b b\u0119d\u0105cych w trakcie i po leczeniu psychiatrycznym szpitalnym<br>oraz os\u00f3b zmagaj\u0105cych si\u0119 z problemami psychicznymi podczas powrotu do zdrowia i<br>funkcjonowania spo\u0142ecznego.<\/li>\n\n\n\n<li>Edukacja spo\u0142ecze\u0144stwa w zakresie zdrowia psychicznego, uzale\u017cnie\u0144 oraz przeciwdzia\u0142ania<br>wykluczeniu spo\u0142ecznemu.<\/li>\n\n\n\n<li>Budowanie \u015bwiadomo\u015bci oraz prowadzenie dzia\u0142alno\u015bci informacyjnej i edukacyjnej, w tym w<br>formie publikacji, wydarze\u0144, wyk\u0142ad\u00f3w, seminari\u00f3w, kurs\u00f3w, podcast\u00f3w i kampanii spo\u0142ecznych.<\/li>\n\n\n\n<li>Wspieranie rozwoju osobistego, integracji spo\u0142ecznej i aktywizacji zawodowej os\u00f3b po<br>kryzysach psychicznych i uzale\u017cnieniach, poprzez zapewnienie czasowego pobytu w grupach<br>wsparcia w siedzibie Fundacji.<\/li>\n\n\n\n<li>Zbieranie \u015brodk\u00f3w finansowych na zakup nieruchomo\u015bci po\u0142o\u017conej przy ulicy Wi\u0105zowej 10 w<br>Bia\u0142ymstoku, dzia\u0142ka nr ew.gr 351 obr.02 \u2013 Wysoki Stoczek na utworzenie i rozbudow\u0119 siedziby<br>Fundacji jako miejsca spotka\u0144 grup terapeutycznych i wolontariuszy.<\/li>\n\n\n\n<li>Stworzenie zaplecza socjalno-noclegowego oraz sali dydaktyczno-terapeutycznej w siedzibie<br>Fundacji oraz stworzenie terenu rekreacyjnego przy siedzibie Fundacji wraz z zakupem<br>wyposa\u017cenia.<\/li>\n\n\n\n<li>Prowadzenie grup terapeutycznych online oraz aktywnej dzia\u0142alno\u015bci edukacyjno-wspieraj\u0105cej<br>w mediach spo\u0142eczno\u015bciowych.<\/li>\n\n\n\n<li>Tworzenie i udost\u0119pnianie materia\u0142\u00f3w edukacyjnych i informacyjnych.<\/li>\n\n\n\n<li>Organizowanie i finansowanie kszta\u0142cenia wolontariuszy do pracy terapeutycznej z osobami w<br>kryzysie psychicznym.<\/li>\n\n\n\n<li> Organizowanie warsztat\u00f3w, spotka\u0144 i szkole\u0144 wspieraj\u0105cych dla os\u00f3b b\u0119d\u0105cych w kryzysie<br>psychicznym.<\/li>\n\n\n\n<li>Promocja zdrowia psychicznego oraz profilaktyka zaburze\u0144 psychicznych.<\/li>\n\n\n\n<li>Udzielanie wsparcia emocjonalnego, informacyjnego ,edukacyjnego i terapeutycznego osobom<br>z do\u015bwiadczeniem leczenia psychiatrycznego.<\/li>\n<\/ol>\n<\/div><\/div>\n\n\n\n<p class=\"has-text-align-center\"><\/p>\n","protected":false},"excerpt":{"rendered":"<p>\u00a7 4. Cele Fundacji<\/p>\n","protected":false},"author":1,"featured_media":0,"parent":11,"menu_order":1,"comment_status":"closed","ping_status":"closed","template":"","meta":{"_coachify_sidebar_layout":"","footnotes":""},"class_list":["post-72","page","type-page","status-publish","hentry","image-hover-transition-effect"],"_links":{"self":[{"href":"https:\/\/naszasala.org\/index.php?rest_route=\/wp\/v2\/pages\/72","targetHints":{"allow":["GET"]}}],"collection":[{"href":"https:\/\/naszasala.org\/index.php?rest_route=\/wp\/v2\/pages"}],"about":[{"href":"https:\/\/naszasala.org\/index.php?rest_route=\/wp\/v2\/types\/page"}],"author":[{"embeddable":true,"href":"https:\/\/naszasala.org\/index.php?rest_route=\/wp\/v2\/users\/1"}],"replies":[{"embeddable":true,"href":"https:\/\/naszasala.org\/index.php?rest_route=%2Fwp%2Fv2%2Fcomments&post=72"}],"version-history":[{"count":2,"href":"https:\/\/naszasala.org\/index.php?rest_route=\/wp\/v2\/pages\/72\/revisions"}],"predecessor-version":[{"id":80,"href":"https:\/\/naszasala.org\/index.php?rest_route=\/wp\/v2\/pages\/72\/revisions\/80"}],"up":[{"embeddable":true,"href":"https:\/\/naszasala.org\/index.php?rest_route=\/wp\/v2\/pages\/11"}],"wp:attachment":[{"href":"https:\/\/naszasala.org\/index.php?rest_route=%2Fwp%2Fv2%2Fmedia&parent=72"}],"curies":[{"name":"wp","href":"https:\/\/api.w.org\/{rel}","templated":true}]}}