{"id":150,"date":"2026-01-29T21:30:56","date_gmt":"2026-01-29T20:30:56","guid":{"rendered":"https:\/\/naszasala.org\/?page_id=150"},"modified":"2026-01-29T21:30:56","modified_gmt":"2026-01-29T20:30:56","slug":"regulamin-darowizn-online-fundacji-nasza-sala","status":"publish","type":"page","link":"https:\/\/naszasala.org\/?page_id=150","title":{"rendered":"REGULAMIN DAROWIZN ONLINE FUNDACJI NASZA SALA"},"content":{"rendered":"\n<p class=\"has-text-align-left\"><br><strong>\u00a7 1. Postanowienia og\u00f3lne<\/strong><\/p>\n\n\n\n<ol class=\"wp-block-list\">\n<li>Niniejszy regulamin okre\u015bla zasady przekazywania darowizn pieni\u0119\u017cnych na rzecz Fundacji Nasza Sala (dalej: Fundacja) za po\u015brednictwem strony internetowej <a href=\"http:\/\/www.naszasala.org\" target=\"_blank\" rel=\"noreferrer noopener\">www.naszasala.org<\/a>.<\/li>\n\n\n\n<li>Dane Fundacji: <strong>Fundacja Nasza Sala <\/strong>, <strong>ul.Wi\u0105zowa 10, 15-822 Bia\u0142ystok,<\/strong>                                            NIP: 5423507594, REGON: 543248141, KRS: 0001197116<\/li>\n\n\n\n<li>Cele statutowe Fundacji obejmuj\u0105 w szczeg\u00f3lno\u015bci budow\u0119 i prowadzenie nowoczesnego Centrum Rehabilitacyjno-Terapeutycznego Nasza Sala<\/li>\n<\/ol>\n\n\n\n<p class=\"has-text-align-left\"><strong>\u00a7 2. Zasady przekazywania<\/strong> <strong>darowizn<\/strong><\/p>\n\n\n\n<ol class=\"wp-block-list\">\n<li>Darowizn\u0119 mo\u017ce przekaza\u0107 ka\u017cda osoba pe\u0142noletnia lub podmiot prawny (dalej: Darczy\u0144ca).<\/li>\n\n\n\n<li>Przekazywanie darowizny odbywa si\u0119 poprzez wyb\u00f3r kwoty w formularzu na stronie i skorzystanie z systemu p\u0142atno\u015bci online.                           <\/li>\n\n\n\n<li>Operatorem p\u0142atno\u015bci jest firma Krajowy Integrator P\u0142atno\u015bci S.A. (Tpay) z siedzib\u0105 w Poznaniu.<\/li>\n\n\n\n<li>Darczy\u0144ca mo\u017ce wybra\u0107 p\u0142atno\u015b\u0107 kart\u0105 p\u0142atnicz\u0105. przelewem elektronicznym lub systemem BLIK.<\/li>\n<\/ol>\n\n\n\n<p class=\"has-text-align-left\"><br><strong>\u00a7 3. Przeznaczenie \u015brodk\u00f3w<\/strong><\/p>\n\n\n\n<ol class=\"wp-block-list\">\n<li>\u015arodki wp\u0142acone jako darowizny zostan\u0105 w ca\u0142o\u015bci przeznaczone na realizacj\u0119 cel\u00f3w statutowych Fundacji, w szczeg\u00f3lno\u015bci na budow\u0119 i wyposa\u017cenie Centrtum Rehabilitacyjno-Terapeutycznego Nasza Sala na dzia\u0142ce NR EW.GR 351 OBR.02 &#8211; WYSOKI STOCZEK.<\/li>\n\n\n\n<li>Fundacja nie pobiera \u017cadnych prowizji od wp\u0142acaj\u0105cych,poza kosztami operacyjnymi na\u0142o\u017conymi przez opera p\u0142atno\u015bci.                   <\/li>\n<\/ol>\n\n\n\n<p class=\"has-text-align-left\"><br><strong>\u00a7 4. Zwroty darowizn<\/strong><\/p>\n\n\n\n<ol class=\"wp-block-list\">\n<li>Darowizna ma charakter dobrowolny i bezzwrotny.<\/li>\n\n\n\n<li>W wyj\u0105tkowych przypadkach (np. b\u0142\u0105d techniczny systemu,nadp\u0142ata) Darczy\u0144ca mo\u017ce ubiega\u0107 si\u0119 o zwrot darowizny w terminie 7 dni od dnia wp\u0142aty,kontaktuj\u0105c si\u0119 z Fundacj\u0105 pod adresem: naszasala11@gmail.com.                   <\/li>\n<\/ol>\n\n\n\n<p class=\"has-text-align-left\"><br><strong>\u00a7 5. <\/strong>Ochrona danych osobowych i RODO<\/p>\n\n\n\n<ol class=\"wp-block-list\">\n<li>Administratorem danych jest Fundacja Nasza Sala.<\/li>\n\n\n\n<li>Dane przetwarzane s\u0105 w celu obs\u0142ugi darowizny oraz podzi\u0119kowania Darczy\u0144cy (je\u015bli wyra\u017cono zgod\u0119).                      <\/li>\n\n\n\n<li>Szczeg\u00f3\u0142y dotycz\u0105ce przetwarzania danych znajduj\u0105 si\u0119 w [Polityce Prywatno\u015bci] www.naszasala.org.<\/li>\n<\/ol>\n\n\n\n<p class=\"has-text-align-left\"><br><strong>\u00a7 6. <\/strong>Reklamacje i postanowienia ko\u0144cowe<\/p>\n\n\n\n<ol class=\"wp-block-list\">\n<li>Reklamacje dotycz\u0105ce dzia\u0142ania systemu p\u0142atno\u015bci nale\u017cy zg\u0142asza\u0107 bezpo\u015brednio do operatora Tpay.<\/li>\n\n\n\n<li>Reklamacje dotycz\u0105ce dzia\u0142alno\u015bci Fundacji nale\u017cy kierowa\u0107 na adres :nasyasala11&#8243;gmail.com                     <\/li>\n\n\n\n<li>Regulamin obowiyuje od dnia publikacji na stronie internetowej.<\/li>\n<\/ol>\n","protected":false},"excerpt":{"rendered":"<p>\u00a7 1. Postanowienia og\u00f3lne \u00a7 2. Zasady przekazywania darowizn \u00a7 3. Przeznaczenie \u015brodk\u00f3w \u00a7 4. Zwroty darowizn \u00a7 5. Ochrona &hellip; <\/p>\n","protected":false},"author":1,"featured_media":0,"parent":11,"menu_order":0,"comment_status":"closed","ping_status":"closed","template":"","meta":{"_coachify_sidebar_layout":"","footnotes":""},"class_list":["post-150","page","type-page","status-publish","hentry","image-hover-transition-effect"],"_links":{"self":[{"href":"https:\/\/naszasala.org\/index.php?rest_route=\/wp\/v2\/pages\/150","targetHints":{"allow":["GET"]}}],"collection":[{"href":"https:\/\/naszasala.org\/index.php?rest_route=\/wp\/v2\/pages"}],"about":[{"href":"https:\/\/naszasala.org\/index.php?rest_route=\/wp\/v2\/types\/page"}],"author":[{"embeddable":true,"href":"https:\/\/naszasala.org\/index.php?rest_route=\/wp\/v2\/users\/1"}],"replies":[{"embeddable":true,"href":"https:\/\/naszasala.org\/index.php?rest_route=%2Fwp%2Fv2%2Fcomments&post=150"}],"version-history":[{"count":1,"href":"https:\/\/naszasala.org\/index.php?rest_route=\/wp\/v2\/pages\/150\/revisions"}],"predecessor-version":[{"id":151,"href":"https:\/\/naszasala.org\/index.php?rest_route=\/wp\/v2\/pages\/150\/revisions\/151"}],"up":[{"embeddable":true,"href":"https:\/\/naszasala.org\/index.php?rest_route=\/wp\/v2\/pages\/11"}],"wp:attachment":[{"href":"https:\/\/naszasala.org\/index.php?rest_route=%2Fwp%2Fv2%2Fmedia&parent=150"}],"curies":[{"name":"wp","href":"https:\/\/api.w.org\/{rel}","templated":true}]}}