{"id":11,"date":"2026-01-22T17:57:35","date_gmt":"2026-01-22T16:57:35","guid":{"rendered":"http:\/\/naszasala.org\/?page_id=11"},"modified":"2026-01-26T12:41:44","modified_gmt":"2026-01-26T11:41:44","slug":"fundacja-nasza-sala","status":"publish","type":"page","link":"https:\/\/naszasala.org\/","title":{"rendered":"Fundacja Nasza Sala"},"content":{"rendered":"\n<p>Organizacja non profit wspieraj\u0105ca osoby w kryzysach psychicznych i uzale\u017cnieniach.<\/p>\n\n\n\n<p>Dzia\u0142ania fundacji maj\u0105 charakter edukacyjny i spo\u0142eczny, nie stanowi\u0105 porad medycznych.<\/p>\n\n\n\n<h1 class=\"wp-block-heading\" id=\"h.rjhzjopvr56_l\"><strong>FUNDACJA NASZA SALA<\/strong><\/h1>\n\n\n\n<h1 class=\"wp-block-heading\" id=\"h.ot83nwbcyd7h_l\"><strong>Miejsce, w kt\u00f3rym cz\u0142owiek wraca do siebie<\/strong><\/h1>\n\n\n\n<p><strong>Fundacja NASZA SALA<\/strong> powsta\u0142a z jednej, bardzo prostej, ale dzi\u015b niezwykle rzadkiej idei: \u017ceby cz\u0142owiek w kryzysie psychicznym, po chorobie, po leczeniu lub po terapii uzale\u017cnie\u0144 nie pozostawa\u0142 sam.<\/p>\n\n\n\n<p>W Polsce z roku na rok gwa\u0142townie ro\u015bnie liczba os\u00f3b z depresj\u0105, zaburzeniami l\u0119kowymi, chorobami psychicznymi i uzale\u017cnieniami. Setki tysi\u0119cy ludzi opuszczaj\u0105 oddzia\u0142y psychiatryczne, o\u015brodki leczenia uzale\u017cnie\u0144 i poradnie\u2026 i zostaj\u0105 z niczym. Bez wsparcia, bez bezpiecznego miejsca, bez realnej pomocy w powrocie do \u017cycia.<\/p>\n\n\n\n<p><strong>Fundacja NASZA SALA<\/strong> powsta\u0142a w\u0142a\u015bnie dla nich.<\/p>\n\n\n\n<p>Kim jeste\u015bmy ?<\/p>\n\n\n\n<p><strong>Fundacja NASZA SALA<\/strong> to organizacja non profit. (<strong>NPO<\/strong>)<\/p>\n\n\n\n<p><strong>Nie dzia\u0142amy dla zysku!<\/strong><\/p>\n\n\n\n<p>Za\u0142o\u017cyciele i zarz\u0105d Fundacji nie pobieraj\u0105 \u017cadnego wynagrodzenia. Ca\u0142a dzia\u0142alno\u015b\u0107 opiera si\u0119 na wolontariacie, zaanga\u017cowaniu i misji niesienia pomocy.<\/p>\n\n\n\n<p><strong>Nie jeste\u015bmy jednorazow\u0105 zbi\u00f3rk\u0105!<\/strong><\/p>\n\n\n\n<p>Budujemy projekt, kt\u00f3ry ma dzia\u0142a\u0107 przez d\u0142ugie lata.<\/p>\n\n\n\n<p>Ju\u017c teraz prowadzimy aktywne dzia\u0142ania w mediach spo\u0142eczno\u015bciowych, docieraj\u0105c do tysi\u0119cy os\u00f3b w kryzysie psychicznym i zmagaj\u0105cych si\u0119 z uzale\u017cnieniami. Ale wiemy jedno:<\/p>\n\n\n\n<p>prawdziwe wsparcie zaczyna si\u0119 tam, gdzie mo\u017cna spojrze\u0107 komu\u015b w oczy i poda\u0107 mu r\u0119k\u0119.<\/p>\n\n\n\n<p>Dlatego idziemy dalej.&nbsp;<\/p>\n\n\n\n<p>Nasz najwi\u0119kszy cel to:<\/p>\n\n\n\n<p><strong>Nowoczesne <\/strong><strong>Centrum Terapeutyczno-Rehabilitacyjne NASZA SALA<\/strong><strong>&nbsp; w Bia\u0142ymstoku.<\/strong><\/p>\n\n\n\n<p><strong>Fundacja NASZA SALA<\/strong> dysponuje odpowiednim miejscem w Bia\u0142ymstoku, kt\u00f3re chcemy przekszta\u0142ci\u0107 w nowoczesne Centrum Terapeutyczno-Rehabilitacyjne dla os\u00f3b:<\/p>\n\n\n\n<p>&nbsp;&nbsp;&nbsp;&nbsp;\u263a\ufe0f<em>po hospitalizacji psychiatrycznej,<\/em><\/p>\n\n\n\n<p>&nbsp;&nbsp; &nbsp;\u263a\ufe0f<em>w kryzysie psychicznym,<\/em><\/p>\n\n\n\n<p>&nbsp;&nbsp;&nbsp;&nbsp;\u263a\ufe0f<em>z zaburzeniami i chorobami psychicznymi,<\/em><\/p>\n\n\n\n<p>&nbsp;&nbsp;&nbsp;&nbsp;\u263a\ufe0f<em>po leczeniu uzale\u017cnie\u0144,<\/em><\/p>\n\n\n\n<p>&nbsp;&nbsp;&nbsp;&nbsp;\u263a\ufe0f<em>zagubionych, wykluczonych, samotnych<\/em><\/p>\n\n\n\n<p>To nie ma by\u0107 kolejna instytucja.<\/p>\n\n\n\n<p>To ma by\u0107 bezpieczny azyl.<\/p>\n\n\n\n<p>Planujemy stworzy\u0107:<\/p>\n\n\n\n<p>&nbsp;&nbsp;&nbsp;\u263a\ufe0f<em>miejsca noclegowe dla os\u00f3b przyje\u017cd\u017caj\u0105cych na turnusy,<\/em><\/p>\n\n\n\n<p>&nbsp;&nbsp;&nbsp;\u263a\ufe0f<em>zaplecze socjalne i terapeutyczne,<\/em><\/p>\n\n\n\n<p>&nbsp;&nbsp;&nbsp;\u263a\ufe0f<em>przestrze\u0144 do terapii indywidualnej i grupowej,<\/em><\/p>\n\n\n\n<p>&nbsp;&nbsp;&nbsp;\u263a\ufe0f<em>teren rekreacyjny przy siedzibie Fundacji,<\/em><\/p>\n\n\n\n<p>&nbsp;&nbsp;&nbsp;\u263a\ufe0f<em>miejsce spotka\u0144, wsparcia i odbudowy \u017cycia,<\/em><\/p>\n\n\n\n<p>&nbsp;  \u263a\ufe0f<em>miejsce na swobodn\u0105 rozmow\u0119 ze specjalistami z zakresu&nbsp;psychologi i  wsparcia.<\/em><\/p>\n\n\n\n<p>To b\u0119dzie przestrze\u0144, w kt\u00f3rej cz\u0142owiek mo\u017ce si\u0119 zatrzyma\u0107, odetchn\u0105\u0107 i nauczy\u0107 &nbsp; &nbsp; \u017cy\u0107 od nowa.<\/p>\n\n\n\n<p>Jak b\u0119dziemy pomaga\u0107 ?<\/p>\n\n\n\n<p>Naszym celem jest realna, d\u0142ugofalowa pomoc, a nie tylko rozmowy w internecie.<\/p>\n\n\n\n<p>B\u0119dziemy wsp\u00f3\u0142pracowa\u0107 na sta\u0142e z:<\/p>\n\n\n\n<p>&nbsp;&nbsp;&nbsp;\u263a\ufe0fwykwalifikowanymi psychologami,<\/p>\n\n\n\n<p>&nbsp;&nbsp;&nbsp;\u263a\ufe0fterapeutami,<\/p>\n\n\n\n<p>&nbsp;&nbsp;&nbsp;\u263a\ufe0fspecjalistami z zakresu psychiatrii i psychologii,<\/p>\n\n\n\n<p>&nbsp;&nbsp;&nbsp;\u263a\ufe0fprzygotowanymi opiekunami,<\/p>\n\n\n\n<p>Osoby przebywaj\u0105ce w Centrum b\u0119d\u0105 mog\u0142y:<\/p>\n\n\n\n<p>&nbsp;&nbsp;&nbsp;\u263a\ufe0fuczestniczy\u0107 w terapii,<\/p>\n\n\n\n<p>&nbsp;&nbsp; \u263a\ufe0fuczy\u0107 si\u0119 radzenia sobie z emocjami,<\/p>\n\n\n\n<p>&nbsp;&nbsp;&nbsp;\u263a\ufe0fodbudowywa\u0107 relacje,<\/p>\n\n\n\n<p>&nbsp;&nbsp;&nbsp;\u263a\ufe0fprzygotowywa\u0107 si\u0119 do powrotu do spo\u0142ecze\u0144stwa,<\/p>\n\n\n\n<p>&nbsp;&nbsp;&nbsp;\u263a\ufe0fpoznawa\u0107 innych ludzi z podobnymi do\u015bwiadczeniami,<\/p>\n\n\n\n<p>To miejsce b\u0119dzie s\u0142u\u017cy\u0107 readaptacji spo\u0142ecznej, budowaniu poczucia w\u0142asnej warto\u015bci i powrotowi do normalnego \u017cycia.<\/p>\n\n\n\n<p><strong>Dlaczego Twoja pomoc jest tak wa\u017cna&nbsp; !!!<\/strong><\/p>\n\n\n\n<p>Pierwsze prace ju\u017c si\u0119 rozpocz\u0119\u0142y.<\/p>\n\n\n\n<p>Ale przed nami ogromna droga: remonty, wyposa\u017cenie, przygotowanie zaplecza, infrastruktury i terenu.<\/p>\n\n\n\n<p>Ka\u017cda z\u0142ot\u00f3wka ma znaczenie.<\/p>\n\n\n\n<p>Ka\u017cda wp\u0142ata przybli\u017ca nas do stworzenia miejsca, kt\u00f3re uratuje czyje\u015b \u017cycie, czyj\u0105\u015b przysz\u0142o\u015b\u0107, czyj\u0105\u015b rodzin\u0119.<\/p>\n\n\n\n<p>Nie potrzebujemy milion\u00f3w od jednej osoby.<\/p>\n\n\n\n<p>Potrzebujemy wielu ludzi dobrej woli, kt\u00f3rzy uwierz\u0105 w ten projekt i do\u0142o\u017c\u0105 swoj\u0105 cegie\u0142k\u0119.<\/p>\n\n\n\n<p>Nawet najmniejsza darowizna to realna pomoc.<\/p>\n\n\n\n<p>Dzia\u0142amy uczciwie i transparentnie<\/p>\n\n\n\n<p><strong>Fundacja NASZA SALA<\/strong> dzia\u0142a jako organizacja non profit.<\/p>\n\n\n\n<p>\u015arodki z darowizn s\u0105 przeznaczane wy\u0142\u0105cznie na realizacj\u0119 cel\u00f3w statutowych, w szczeg\u00f3lno\u015bci na budow\u0119 i rozw\u00f3j<\/p>\n\n\n\n<p>&nbsp;<strong>Centrum Terapeutyczno-Rehabilitacyjnego NASZA SALA&nbsp;<\/strong><\/p>\n\n\n\n<p>To nie jest projekt na chwil\u0119.<\/p>\n\n\n\n<p>To jest misja na lata.<\/p>\n\n\n\n<p>Je\u015bli trafi\u0142e\u015b tutaj z TikToka, Facebooka lub w inny spos\u00f3b i czujesz, \u017ce ten projekt ma sens, \u017ce takie miejsce jest Polsce potrzebne \u2014 b\u0105d\u017a jego cz\u0119\u015bci\u0105.<\/p>\n\n\n\n<p>Razem mo\u017cemy stworzy\u0107 miejsce, kt\u00f3re naprawd\u0119 zmienia ludzkie \u017cycie.<\/p>\n\n\n\n<p>Z wyrazami szacunku:<\/p>\n\n\n\n<p>Prezes Fundacji NASZA SALA<\/p>\n\n\n\n<p>Tomasz Michalczuk<\/p>\n\n\n\n<p><strong>PS.(W tytule przelewu zawsze wpisuj: \u201eDarowizna \u2013 Fundacja Nasza Sala\u201d)<\/strong><\/p>\n\n\n\n<p>                                                                   <strong>Kontakt:&nbsp;<\/strong><\/p>\n\n\n\n<style>\n\/* === KOLORY FUNDACJI === *\/\n:root {\n  --bg-main: #111111;\n  --text-main: #ffffff;\n\n  --email: #2bb673;     \/* zielony \u2013 kontakt *\/\n  --phone: #0a66c2;     \/* niebieski \u2013 telefon *\/\n\n  --radius: 14px;\n}\n\n\/* === WRAPPER STOPKI === *\/\n.contact-footer {\n  display: grid;\n  grid-template-columns: repeat(auto-fit, minmax(260px, 1fr));\n  gap: 16px;\n  margin: 30px 0;\n}\n\n\/* === BOX KONTAKTU === *\/\n.contact-box {\n  background: var(--bg-main);\n  border-radius: var(--radius);\n  padding: 14px 18px;\n  transition: background 0.3s ease, transform 0.2s ease;\n}\n\n.contact-box a {\n  display: flex;\n  align-items: center;\n  justify-content: center;\n  gap: 12px;\n  text-decoration: none;\n  color: var(--text-main);\n  font-family: Arial, sans-serif;\n  font-weight: 600;\n  font-size: 16px;\n}\n\n\/* === HOVER === *\/\n.contact-email:hover { background: var(--email); }\n.contact-phone:hover { background: var(--phone); }\n\n.contact-box:hover {\n  transform: translateY(-2px);\n}\n\n\/* === MOBILE === *\/\n@media (max-width: 600px) {\n  .contact-box a {\n    flex-direction: column;\n    text-align: center;\n    font-size: 15px;\n  }\n}\n<\/style>\n\n<div class=\"contact-footer\">\n\n  <!-- EMAIL -->\n  <div class=\"contact-box contact-email\">\n    <a href=\"mailto:nasza.sala11@gmail.com?subject=Kontakt%20z%20Fundacj\u0105%20Nasza%20Sala\">\n      <svg width=\"28\" height=\"28\" viewBox=\"0 0 24 24\" fill=\"currentColor\">\n        <path d=\"M20 4H4a2 2 0 0 0-2 2v12a2 2 0 0 0 2 2h16a2 2 0 0 0 2-2V6a2 2 0 0 0-2-2zm0 4-8 5-8-5V6l8 5 8-5v2z\"\/>\n      <\/svg>\n      <span>nasza.sala11@gmail.com<\/span>\n    <\/a>\n  <\/div>\n\n  <!-- TELEFON -->\n  <div class=\"contact-box contact-phone\">\n    <a href=\"tel:+48668783073\">\n      <svg width=\"28\" height=\"28\" viewBox=\"0 0 24 24\" fill=\"currentColor\">\n        <path d=\"M6.6 10.8a15.1 15.1 0 0 0 6.6 6.6l2.2-2.2a1 1 0 0 1 1-.2c1.1.4 2.3.6 3.6.6a1 1 0 0 1 1 1V20a1 1 0 0 1-1 1C10.6 21 3 13.4 3 4a1 1 0 0 1 1-1h3.6a1 1 0 0 1 1 1c0 1.3.2 2.5.6 3.6a1 1 0 0 1-.2 1L6.6 10.8z\"\/>\n      <\/svg>\n      <span>+48 668 783 073<\/span>\n    <\/a>\n  <\/div>\n\n<\/div>\n\n\n\n<style>\n\/* === USTAWIENIA KOLOR\u00d3W FUNDACJI === *\/\n:root {\n  --fundacja-bg: #111111;        \/* t\u0142o banera *\/\n  --fundacja-bg-hover: #e60073;  \/* hover (np. r\u00f3\u017c \/ akcent) *\/\n  --fundacja-text: #ffffff;     \/* tekst *\/\n  --fundacja-radius: 14px;\n}\n\n\/* === BANER STOPKI === *\/\n.tiktok-footer {\n  max-width: 100%;\n  margin: 20px auto;\n  padding: 14px 18px;\n  background: var(--fundacja-bg);\n  border-radius: var(--fundacja-radius);\n  transition: background 0.3s ease, transform 0.2s ease;\n}\n\n.tiktok-footer a {\n  display: flex;\n  align-items: center;\n  justify-content: center;\n  gap: 12px;\n  text-decoration: none;\n  color: var(--fundacja-text);\n  font-family: Arial, sans-serif;\n  font-weight: 600;\n  font-size: 16px;\n}\n\n\/* === HOVER === *\/\n.tiktok-footer:hover {\n  background: var(--fundacja-bg-hover);\n  transform: translateY(-2px);\n}\n\n\/* === MOBILE === *\/\n@media (max-width: 600px) {\n  .tiktok-footer a {\n    flex-direction: column;\n    text-align: center;\n    font-size: 15px;\n  }\n}\n<\/style>\n\n<div class=\"tiktok-footer\">\n  <a href=\"https:\/\/www.tiktok.com\/@naszasala\" target=\"_blank\" rel=\"noopener noreferrer\">\n    \n    <svg xmlns=\"http:\/\/www.w3.org\/2000\/svg\" width=\"28\" height=\"28\" viewBox=\"0 0 24 24\" fill=\"currentColor\">\n      <path d=\"M12.004 2c1.1 0 2 .9 2 2 0 2.206 1.794 4 4 4 1.1 0 2 .9 2 2v2c-3.309 0-6.313-1.344-8-3.515V16a5 5 0 1 1-5-5c.344 0 .676.035 1 .1v2.067a2.99 2.99 0 1 0 2 2.833V2z\"\/>\n    <\/svg>\n\n    <span>Obserwuj Fundacj\u0119 Nasza Sala na TikToku<\/span>\n  <\/a>\n<\/div>\n\n\n\n<style>\n\/* === KOLORY FUNDACJI === *\/\n:root {\n  --bg-main: #111111;\n  --text-main: #ffffff;\n\n  --instagram: #e1306c;\n  --facebook: #1877f2;\n  --youtube: #ff0000;\n\n  --radius: 14px;\n}\n\n\/* === WRAPPER STOPKI === *\/\n.social-footer {\n  display: grid;\n  grid-template-columns: repeat(auto-fit, minmax(260px, 1fr));\n  gap: 16px;\n  margin: 30px 0;\n}\n\n\/* === POJEDYNCZY BANER === *\/\n.social-box {\n  background: var(--bg-main);\n  border-radius: var(--radius);\n  padding: 14px 18px;\n  transition: background 0.3s ease, transform 0.2s ease;\n}\n\n.social-box a {\n  display: flex;\n  align-items: center;\n  justify-content: center;\n  gap: 12px;\n  text-decoration: none;\n  color: var(--text-main);\n  font-family: Arial, sans-serif;\n  font-weight: 600;\n  font-size: 16px;\n}\n\n\/* === HOVER KOLORY === *\/\n.social-instagram:hover { background: var(--instagram); }\n.social-facebook:hover  { background: var(--facebook); }\n.social-youtube:hover   { background: var(--youtube); }\n\n.social-box:hover {\n  transform: translateY(-2px);\n}\n\n\/* === MOBILE === *\/\n@media (max-width: 600px) {\n  .social-box a {\n    flex-direction: column;\n    text-align: center;\n    font-size: 15px;\n  }\n}\n<\/style>\n\n<div class=\"social-footer\">\n\n  <!-- INSTAGRAM -->\n  <div class=\"social-box social-instagram\">\n    <a href=\"https:\/\/www.instagram.com\/fundacjanaszasala?igsh=OHNjeHBwZWZ3NWU=\" target=\"_blank\" rel=\"noopener noreferrer\">\n      <svg width=\"28\" height=\"28\" viewBox=\"0 0 24 24\" fill=\"currentColor\">\n        <path d=\"M7 2h10a5 5 0 0 1 5 5v10a5 5 0 0 1-5 5H7a5 5 0 0 1-5-5V7a5 5 0 0 1 5-5zm5 5a5 5 0 1 0 0 10 5 5 0 0 0 0-10zm6.5-.5a1.5 1.5 0 1 0 0 3 1.5 1.5 0 0 0 0-3z\"\/>\n      <\/svg>\n      <span>Instagram Fundacji Nasza Sala<\/span>\n    <\/a>\n  <\/div>\n\n  <!-- FACEBOOK -->\n  <div class=\"social-box social-facebook\">\n    <a href=\"https:\/\/www.facebook.com\/share\/1HGQfEvsYg\/?mibextid=wwXIfr\" target=\"_blank\" rel=\"noopener noreferrer\">\n      <svg width=\"28\" height=\"28\" viewBox=\"0 0 24 24\" fill=\"currentColor\">\n        <path d=\"M22 12a10 10 0 1 0-11.5 9.9v-7H8v-3h2.5V9.5a3.5 3.5 0 0 1 3.8-3.8H17v3h-2c-1 0-1.5.5-1.5 1.4V12H17l-.5 3h-3v7A10 10 0 0 0 22 12z\"\/>\n      <\/svg>\n      <span>Facebook Fundacji Nasza Sala<\/span>\n    <\/a>\n  <\/div>\n\n  <!-- YOUTUBE -->\n  <div class=\"social-box social-youtube\">\n    <a href=\"https:\/\/www.youtube.com\/@NASZASALA\" target=\"_blank\" rel=\"noopener noreferrer\">\n      <svg width=\"28\" height=\"28\" viewBox=\"0 0 24 24\" fill=\"currentColor\">\n        <path d=\"M23.5 6.2s-.2-1.7-.8-2.4c-.8-.8-1.7-.8-2.1-.9C17.5 2.5 12 2.5 12 2.5h0s-5.5 0-8.6.4c-.4.1-1.3.1-2.1.9-.6.7-.8 2.4-.8 2.4S0 8.1 0 10v1.9c0 1.9.5 3.8.5 3.8s.2 1.7.8 2.4c.8.8 1.9.8 2.4.9 1.7.2 8.3.4 8.3.4s5.5 0 8.6-.4c.4-.1 1.3-.1 2.1-.9.6-.7.8-2.4.8-2.4s.5-1.9.5-3.8V10c0-1.9-.5-3.8-.5-3.8zM9.5 14.8V7.2l6.2 3.8-6.2 3.8z\"\/>\n      <\/svg>\n      <span>YouTube Fundacji Nasza Sala<\/span>\n    <\/a>\n  <\/div>\n\n<\/div>\n\n\n\n<style>\n:root {\n  --bg-main: #111111;\n  --bg-hover: #2bb673;\n  --text-main: #ffffff;\n  --accent: #f5f5f5;\n  --radius: 16px;\n}\n\n.donation-section {\n  max-width: 900px;\n  margin: 40px auto;\n  padding: 26px;\n  background: var(--bg-main);\n  color: var(--text-main);\n  border-radius: var(--radius);\n  font-family: Arial, sans-serif;\n}\n\n.donation-section h2 {\n  text-align: center;\n  margin-bottom: 10px;\n  font-size: 26px;\n}\n\n.donation-section p {\n  text-align: center;\n  margin-bottom: 28px;\n  font-size: 16px;\n  line-height: 1.6;\n}\n\n.donation-boxes {\n  display: grid;\n  grid-template-columns: repeat(auto-fit, minmax(260px, 1fr));\n  gap: 18px;\n}\n\n.donation-box {\n  background: #1c1c1c;\n  padding: 20px;\n  border-radius: var(--radius);\n  transition: transform .2s ease, background .3s ease;\n}\n\n.donation-box:hover {\n  background: var(--bg-hover);\n  transform: translateY(-2px);\n}\n\n.donation-box h3 {\n  margin-bottom: 12px;\n  font-size: 18px;\n}\n\n.donation-box p {\n  text-align: left;\n  margin: 6px 0;\n  font-size: 15px;\n}\n\n.donation-strong {\n  font-weight: 700;\n  font-size: 16px;\n}\n\n@media (max-width:600px){\n  .donation-section h2 { font-size: 22px; }\n}\n<\/style>\n\n<section class=\"donation-section\">\n  <h2>Wesprzyj Fundacj\u0119 Nasza Sala<\/h2>\n  <p>\n    Twoja darowizna pomaga nam realizowa\u0107 cele statutowe Fundacji i wspiera\u0107\n    nasze dzia\u0142ania spo\u0142eczne. Dzi\u0119kujemy za ka\u017cde wsparcie \ud83d\udc99\n  <\/p>\n\n  <div class=\"donation-boxes\">\n\n    <!-- PRZELEW BANKOWY -->\n    <div class=\"donation-box\">\n      <h3>\ud83d\udcb3 Darowizna \u2013 przelew bankowy<\/h3>\n      <p><span class=\"donation-strong\">Tytu\u0142 przelewu:<\/span> Darowizna<\/p>\n      <p><span class=\"donation-strong\">Bank:<\/span> Bank Polski<\/p>\n      <p><span class=\"donation-strong\">Nr rachunku:<\/span><br>\n        63 1020 1332 0000 1702 1647 3780\n      <\/p>\n    <\/div>\n\n    <!-- BLIK -->\n    <div class=\"donation-box\">\n      <h3>\ud83d\udcf1 Darowizna \u2013 BLIK<\/h3>\n      <p>\n        Wsparcia mo\u017cesz dokona\u0107 r\u00f3wnie\u017c szybkim przelewem BLIK\n        na numer telefonu:\n      <\/p>\n      <p class=\"donation-strong\">\n        +48 668 783 073\n      <\/p>\n    <\/div>\n\n  <\/div>\n<\/section>\n\n\n\n<p><\/p>\n","protected":false},"excerpt":{"rendered":"<p>Organizacja non profit wspieraj\u0105ca osoby w kryzysach psychicznych i uzale\u017cnieniach. Dzia\u0142ania fundacji maj\u0105 charakter edukacyjny i spo\u0142eczny, nie stanowi\u0105 porad &hellip; <\/p>\n","protected":false},"author":1,"featured_media":0,"parent":0,"menu_order":0,"comment_status":"closed","ping_status":"closed","template":"","meta":{"_coachify_sidebar_layout":"","footnotes":""},"class_list":["post-11","page","type-page","status-publish","hentry","image-hover-transition-effect"],"_links":{"self":[{"href":"https:\/\/naszasala.org\/index.php?rest_route=\/wp\/v2\/pages\/11","targetHints":{"allow":["GET"]}}],"collection":[{"href":"https:\/\/naszasala.org\/index.php?rest_route=\/wp\/v2\/pages"}],"about":[{"href":"https:\/\/naszasala.org\/index.php?rest_route=\/wp\/v2\/types\/page"}],"author":[{"embeddable":true,"href":"https:\/\/naszasala.org\/index.php?rest_route=\/wp\/v2\/users\/1"}],"replies":[{"embeddable":true,"href":"https:\/\/naszasala.org\/index.php?rest_route=%2Fwp%2Fv2%2Fcomments&post=11"}],"version-history":[{"count":14,"href":"https:\/\/naszasala.org\/index.php?rest_route=\/wp\/v2\/pages\/11\/revisions"}],"predecessor-version":[{"id":90,"href":"https:\/\/naszasala.org\/index.php?rest_route=\/wp\/v2\/pages\/11\/revisions\/90"}],"wp:attachment":[{"href":"https:\/\/naszasala.org\/index.php?rest_route=%2Fwp%2Fv2%2Fmedia&parent=11"}],"curies":[{"name":"wp","href":"https:\/\/api.w.org\/{rel}","templated":true}]}}